{"id":2314,"date":"2023-01-27T10:36:04","date_gmt":"2023-01-27T13:36:04","guid":{"rendered":"https:\/\/mbernardesgems.com\/aquamarine\/"},"modified":"2023-02-22T11:03:42","modified_gmt":"2023-02-22T14:03:42","slug":"aquamarine","status":"publish","type":"page","link":"https:\/\/mbernardesgems.com\/en\/aquamarine\/","title":{"rendered":"Aquamarine"},"content":{"rendered":"\t\t<div data-elementor-type=\"wp-page\" data-elementor-id=\"2314\" class=\"elementor elementor-2314 elementor-1299\">\n\t\t\t\t\t\t<div class=\"elementor-inner\">\n\t\t\t\t<div class=\"elementor-section-wrap\">\n\t\t\t\t\t\t\t\t\t<section class=\"elementor-section elementor-top-section elementor-element elementor-element-45b201c elementor-section-boxed elementor-section-height-default elementor-section-height-default\" data-id=\"45b201c\" data-element_type=\"section\">\n\t\t\t\t\t\t<div class=\"elementor-container elementor-column-gap-default\">\n\t\t\t\t\t\t\t<div class=\"elementor-row\">\n\t\t\t\t\t<div class=\"elementor-column elementor-col-100 elementor-top-column elementor-element elementor-element-f26a794\" data-id=\"f26a794\" data-element_type=\"column\">\n\t\t\t<div class=\"elementor-column-wrap elementor-element-populated\">\n\t\t\t\t\t\t\t<div class=\"elementor-widget-wrap\">\n\t\t\t\t\t\t<section class=\"elementor-section elementor-inner-section elementor-element elementor-element-56883e2 elementor-section-boxed elementor-section-height-default elementor-section-height-default\" data-id=\"56883e2\" data-element_type=\"section\">\n\t\t\t\t\t\t<div class=\"elementor-container elementor-column-gap-default\">\n\t\t\t\t\t\t\t<div class=\"elementor-row\">\n\t\t\t\t\t<div class=\"elementor-column elementor-col-50 elementor-inner-column elementor-element elementor-element-643a558\" data-id=\"643a558\" data-element_type=\"column\">\n\t\t\t<div class=\"elementor-column-wrap elementor-element-populated\">\n\t\t\t\t\t\t\t<div class=\"elementor-widget-wrap\">\n\t\t\t\t\t\t<div class=\"elementor-element elementor-element-553bee2 elementor-widget elementor-widget-image\" data-id=\"553bee2\" data-element_type=\"widget\" data-widget_type=\"image.default\">\n\t\t\t\t<div class=\"elementor-widget-container\">\n\t\t\t\t\t\t\t\t<div class=\"elementor-image\">\n\t\t\t\t\t\t\t\t\t\t\t\t<img decoding=\"async\" width=\"627\" height=\"911\" src=\"https:\/\/mbernardesgems.com\/wp-content\/uploads\/2023\/01\/Foto-Agua-Marinha1-Nossas-Gemas.jpg\" class=\"attachment-large size-large wp-image-1914\" alt=\"\" loading=\"lazy\" srcset=\"https:\/\/mbernardesgems.com\/wp-content\/uploads\/2023\/01\/Foto-Agua-Marinha1-Nossas-Gemas.jpg 627w, https:\/\/mbernardesgems.com\/wp-content\/uploads\/2023\/01\/Foto-Agua-Marinha1-Nossas-Gemas-206x300.jpg 206w\" sizes=\"(max-width: 627px) 100vw, 627px\" \/>\t\t\t\t\t\t\t\t\t\t\t\t\t\t<\/div>\n\t\t\t\t\t\t<\/div>\n\t\t\t\t<\/div>\n\t\t\t\t\t\t<\/div>\n\t\t\t\t\t<\/div>\n\t\t<\/div>\n\t\t\t\t<div class=\"elementor-column elementor-col-50 elementor-inner-column elementor-element elementor-element-67a0f86\" data-id=\"67a0f86\" data-element_type=\"column\">\n\t\t\t<div class=\"elementor-column-wrap elementor-element-populated\">\n\t\t\t\t\t\t\t<div class=\"elementor-widget-wrap\">\n\t\t\t\t\t\t<div class=\"elementor-element elementor-element-80a568f elementor-widget elementor-widget-heading\" data-id=\"80a568f\" data-element_type=\"widget\" data-widget_type=\"heading.default\">\n\t\t\t\t<div class=\"elementor-widget-container\">\n\t\t\t<h4 class=\"elementor-heading-title elementor-size-default\">Aquamarine<\/h4>\t\t<\/div>\n\t\t\t\t<\/div>\n\t\t\t\t<div class=\"elementor-element elementor-element-10cf63a elementor-widget elementor-widget-heading\" data-id=\"10cf63a\" data-element_type=\"widget\" data-widget_type=\"heading.default\">\n\t\t\t\t<div class=\"elementor-widget-container\">\n\t\t\t<h2 class=\"elementor-heading-title elementor-size-default\">Generic Information:<\/h2>\t\t<\/div>\n\t\t\t\t<\/div>\n\t\t\t\t<div class=\"elementor-element elementor-element-570947a elementor-widget elementor-widget-text-editor\" data-id=\"570947a\" data-element_type=\"widget\" data-widget_type=\"text-editor.default\">\n\t\t\t\t<div class=\"elementor-widget-container\">\n\t\t\t\t\t\t\t\t<div class=\"elementor-text-editor elementor-clearfix\">\n\t\t\t\t<p>Name Origin: Its name is due to its color similar to seawater.<\/p>\n<p>Main Colors: Blue, greenish-blue, and grayish-blue.<\/p>\n\t\t\t\t\t<\/div>\n\t\t\t\t\t\t<\/div>\n\t\t\t\t<\/div>\n\t\t\t\t\t\t<\/div>\n\t\t\t\t\t<\/div>\n\t\t<\/div>\n\t\t\t\t\t\t\t\t<\/div>\n\t\t\t\t\t<\/div>\n\t\t<\/section>\n\t\t\t\t<div class=\"elementor-element elementor-element-107c7c2 elementor-widget elementor-widget-text-editor\" data-id=\"107c7c2\" data-element_type=\"widget\" data-widget_type=\"text-editor.default\">\n\t\t\t\t<div class=\"elementor-widget-container\">\n\t\t\t\t\t\t\t\t<div class=\"elementor-text-editor elementor-clearfix\">\n\t\t\t\t<p>Producing Countries: The Aquamarine mines in Brazil have been known for nearly three centuries and still produce a good part of the world\u2019s production to this day, especially in the cities of Coronel Murta, Ara\u00e7ua\u00ed, and Marambaia in Minas Gerais and in the region of Tenente Ananias in Rio Grande do Norte. Also, the Esp\u00edrito Santo mines are important. Historically, Brazil was the world\u2019s largest producer of Aquamarine, but the recent tightening of labor laws and environmental legislation has made mining more expensive.  <\/p>\n<p>Beautiful stones are obtained high in the mountains of Pakistan. It provides the world with some of the finest stones, found at 3,000 or even 4,000 meters in altitude, which makes mining very difficult. Other important sources include Kenya, Zambia, Nigeria, Madagascar, and Mozambique in Africa, and China in Asia.  <\/p>\n<p>Most Aquamarines nowadays come from Mozambique and Nigeria. More recent regular productions ocurred at the Cabo Delgado mine in the Cabo Delgado Province in Mozambique. <\/p>\n<p>Geologically, Aquamarines are found in pegmatites, intrusive igneous rocks basically formed by quartz and feldspar as a matrix. Almost all mining is underground, following the pegmatites. The crystals can weigh from grams to tens of kilos, but only a small fraction of the production is pure enough to be cut.  <\/p>\n<p>Common Shapes: Oval and drop, round, antique and octagonal. They can also be calibrated up to the larger 20\u00d715 sizes. As they have no cleavage, cutting is relatively simple. Most have no inclusions seen by the naked eye.   <\/p>\n<p>Usual Treatment: heating around 400 to 450\u00b0C, making the blue color stand out, removing the greenish overshade. Most of the world\u2019s production is routinely treated in this way.     <\/p>\n\t\t\t\t\t<\/div>\n\t\t\t\t\t\t<\/div>\n\t\t\t\t<\/div>\n\t\t\t\t<div class=\"elementor-element elementor-element-2720046 elementor-widget elementor-widget-heading\" data-id=\"2720046\" data-element_type=\"widget\" data-widget_type=\"heading.default\">\n\t\t\t\t<div class=\"elementor-widget-container\">\n\t\t\t<h2 class=\"elementor-heading-title elementor-size-default\">Gemological Data:<\/h2>\t\t<\/div>\n\t\t\t\t<\/div>\n\t\t\t\t<div class=\"elementor-element elementor-element-7692e86 pp-table-center elementor-widget elementor-widget-pp-table\" data-id=\"7692e86\" data-element_type=\"widget\" data-settings=\"{&quot;table_type&quot;:&quot;responsive&quot;,&quot;scrollable&quot;:&quot;no&quot;}\" data-widget_type=\"pp-table.default\">\n\t\t\t\t<div class=\"elementor-widget-container\">\n\t\t\t\t\t<div class=\"pp-table-container\">\n\t\t\t<table \n\t\t\tclass=\"pp-table tablesaw\" data-tablesaw-mode=\"stack\"\t\t\t\t>\n\t\t\t\t\t\t\t<colgroup>\n\t\t\t\t\t\t\t\t<col\n\t\t\t\t\tspan=\"1\"\n\t\t\t\t\tclass=\"elementor-repeater-item-6bb7665\"\n\t\t\t\t\t\t\t\t\t\t\tstyle=\"\n\t\t\t\t\t\t\t\t\t\t\t\t\t\t\t\t\t\t\t\t\"\n\t\t\t\t\t\t\t\t\t\t>\n\t\t\t\t\t\t\t<\/colgroup>\n\t\t\t\t\t\t<thead>\n\t\t\t\t<tr class=\"pp-table-row\">\n\t\t\t\t\t<th class=\"pp-table-cell pp-table-cell-098a617\"><span class=\"pp-table-cell-content\"><span class=\"pp-table-cell-text\">SPECIES:<\/span><\/span><\/th><th class=\"pp-table-cell pp-table-cell-c8addb4\"><span class=\"pp-table-cell-content\"><span class=\"pp-table-cell-text\">BLUE VARIETY OF THE BERYL SPECIES<\/span><\/span><\/th>\t\t\t\t<\/tr>\n\t\t\t<\/thead>\n\t\t\t\t\t<tfoot>\n\t\t\t<\/tr>\t\t<\/tfoot>\n\t\t\t\t<tbody>\n\t\t\t<tr><td class=\"pp-table-cell pp-table-cell-2d592bf\"><span class=\"pp-table-cell-content\"><span class=\"pp-table-cell-text\">Hardness of Mohs: <\/span><\/span><\/td><td class=\"pp-table-cell pp-table-cell-7f23d39\"><span class=\"pp-table-cell-content\"><span class=\"pp-table-cell-text\">7,5\/8\n<\/span><\/span><\/td><\/tr><tr><td class=\"pp-table-cell pp-table-cell-7343d2a\"><span class=\"pp-table-cell-content\"><span class=\"pp-table-cell-text\">Specific Density: <\/span><\/span><\/td><td class=\"pp-table-cell pp-table-cell-193fcb5\"><span class=\"pp-table-cell-content\"><span class=\"pp-table-cell-text\">2,72 (\u00b10.12)\n<\/span><\/span><\/td><\/tr><tr><td class=\"pp-table-cell pp-table-cell-07e0a2c\"><span class=\"pp-table-cell-content\"><span class=\"pp-table-cell-text\">Cleavage: <\/span><\/span><\/td><td class=\"pp-table-cell pp-table-cell-072cb44\"><span class=\"pp-table-cell-content\"><span class=\"pp-table-cell-text\">Indistinct\n<\/span><\/span><\/td><\/tr><tr><td class=\"pp-table-cell pp-table-cell-56bc1c7\"><span class=\"pp-table-cell-content\"><span class=\"pp-table-cell-text\">Fracture: <\/span><\/span><\/td><td class=\"pp-table-cell pp-table-cell-c1eeddf\"><span class=\"pp-table-cell-content\"><span class=\"pp-table-cell-text\">Concoid, irregular, splintered\n<\/span><\/span><\/td><\/tr><tr><td class=\"pp-table-cell pp-table-cell-1141adf\"><span class=\"pp-table-cell-content\"><span class=\"pp-table-cell-text\">Crystal System: <\/span><\/span><\/td><td class=\"pp-table-cell pp-table-cell-353d681\"><span class=\"pp-table-cell-content\"><span class=\"pp-table-cell-text\">Hexagonal, hexagonal prisms, columnar crystals\n<\/span><\/span><\/td><\/tr><tr><td class=\"pp-table-cell pp-table-cell-607bff2\"><span class=\"pp-table-cell-content\"><span class=\"pp-table-cell-text\">Chemical Composition: <\/span><\/span><\/td><td class=\"pp-table-cell pp-table-cell-0fcb6f5\"><span class=\"pp-table-cell-content\"><span class=\"pp-table-cell-text\">Be\u2083Al\u2082(SiO\u2083)\u2086 Beryllium Aluminum Silicate\n<\/span><\/span><\/td><\/tr><tr><td class=\"pp-table-cell pp-table-cell-43ce8ad\"><span class=\"pp-table-cell-content\"><span class=\"pp-table-cell-text\">Transparency: <\/span><\/span><\/td><td class=\"pp-table-cell pp-table-cell-f574e14\"><span class=\"pp-table-cell-content\"><span class=\"pp-table-cell-text\">Transparent to opaque\n<\/span><\/span><\/td><\/tr><tr><td class=\"pp-table-cell pp-table-cell-6073f02\"><span class=\"pp-table-cell-content\"><span class=\"pp-table-cell-text\">Refractive Index: <\/span><\/span><\/td><td class=\"pp-table-cell pp-table-cell-75f0852\"><span class=\"pp-table-cell-content\"><span class=\"pp-table-cell-text\">1,577-1,583 (\u00b10,017)\n<\/span><\/span><\/td><\/tr><tr><td class=\"pp-table-cell pp-table-cell-0797241\"><span class=\"pp-table-cell-content\"><span class=\"pp-table-cell-text\">Birefringence: <\/span><\/span><\/td><td class=\"pp-table-cell pp-table-cell-1d8e42c\"><span class=\"pp-table-cell-content\"><span class=\"pp-table-cell-text\">0,005 a 0,009\n<\/span><\/span><\/td><\/tr><tr><td class=\"pp-table-cell pp-table-cell-95abc4a\"><span class=\"pp-table-cell-content\"><span class=\"pp-table-cell-text\">Dispersion: <\/span><\/span><\/td><td class=\"pp-table-cell pp-table-cell-26a462d\"><span class=\"pp-table-cell-content\"><span class=\"pp-table-cell-text\">0,014\n<\/span><\/span><\/td><\/tr><tr><td class=\"pp-table-cell pp-table-cell-3840e2e\"><span class=\"pp-table-cell-content\"><span class=\"pp-table-cell-text\">Pleochroism: <\/span><\/span><\/td><td class=\"pp-table-cell pp-table-cell-4e3e3e3\"><span class=\"pp-table-cell-content\"><span class=\"pp-table-cell-text\">Defined - almost colorless - light blue, blue: sky blue, slightly blue-green\n<\/span><\/span><\/td><\/tr><tr><td class=\"pp-table-cell pp-table-cell-c822872\"><span class=\"pp-table-cell-content\"><span class=\"pp-table-cell-text\">Luster: <\/span><\/span><\/td><td class=\"pp-table-cell pp-table-cell-1fc7198\"><span class=\"pp-table-cell-content\"><span class=\"pp-table-cell-text\">Vitreous<\/span><\/span><\/td><\/tr><tr><td class=\"pp-table-cell pp-table-cell-3a03c9c\"><span class=\"pp-table-cell-content\"><span class=\"pp-table-cell-text\">Fluorescence: <\/span><\/span><\/td><td class=\"pp-table-cell pp-table-cell-ae5c509\"><span class=\"pp-table-cell-content\"><span class=\"pp-table-cell-text\">Inert<\/span><\/span><\/td><\/tr>\t\t<\/tbody>\n\t\t\t\t\t<\/table>\n\t\t<\/div>\n\t\t\t\t<\/div>\n\t\t\t\t<\/div>\n\t\t\t\t\t\t<\/div>\n\t\t\t\t\t<\/div>\n\t\t<\/div>\n\t\t\t\t\t\t\t\t<\/div>\n\t\t\t\t\t<\/div>\n\t\t<\/section>\n\t\t\t\t\t\t\t\t\t<\/div>\n\t\t\t<\/div>\n\t\t\t\t\t<\/div>\n\t\t","protected":false},"excerpt":{"rendered":"<p>Aquamarine Generic Information: Name Origin: Its name is due to its color similar to seawater. Main Colors: Blue, greenish-blue, and grayish-blue. Producing Countries: The Aquamarine mines in Brazil have been known for nearly three centuries and still produce a good part of the world\u2019s production to this day, especially in the cities of Coronel Murta, [&hellip;]<\/p>\n","protected":false},"author":1,"featured_media":0,"parent":0,"menu_order":0,"comment_status":"closed","ping_status":"closed","template":"","meta":[],"_links":{"self":[{"href":"https:\/\/mbernardesgems.com\/en\/wp-json\/wp\/v2\/pages\/2314"}],"collection":[{"href":"https:\/\/mbernardesgems.com\/en\/wp-json\/wp\/v2\/pages"}],"about":[{"href":"https:\/\/mbernardesgems.com\/en\/wp-json\/wp\/v2\/types\/page"}],"author":[{"embeddable":true,"href":"https:\/\/mbernardesgems.com\/en\/wp-json\/wp\/v2\/users\/1"}],"replies":[{"embeddable":true,"href":"https:\/\/mbernardesgems.com\/en\/wp-json\/wp\/v2\/comments?post=2314"}],"version-history":[{"count":1,"href":"https:\/\/mbernardesgems.com\/en\/wp-json\/wp\/v2\/pages\/2314\/revisions"}],"predecessor-version":[{"id":2315,"href":"https:\/\/mbernardesgems.com\/en\/wp-json\/wp\/v2\/pages\/2314\/revisions\/2315"}],"wp:attachment":[{"href":"https:\/\/mbernardesgems.com\/en\/wp-json\/wp\/v2\/media?parent=2314"}],"curies":[{"name":"wp","href":"https:\/\/api.w.org\/{rel}","templated":true}]}}