{"id":2322,"date":"2023-02-14T10:14:51","date_gmt":"2023-02-14T13:14:51","guid":{"rendered":"https:\/\/mbernardesgems.com\/rubelite\/"},"modified":"2023-02-22T11:47:25","modified_gmt":"2023-02-22T14:47:25","slug":"rubelite","status":"publish","type":"page","link":"https:\/\/mbernardesgems.com\/en\/rubelite\/","title":{"rendered":"Rubelite"},"content":{"rendered":"\t\t<div data-elementor-type=\"wp-page\" data-elementor-id=\"2322\" class=\"elementor elementor-2322 elementor-1492\">\n\t\t\t\t\t\t<div class=\"elementor-inner\">\n\t\t\t\t<div class=\"elementor-section-wrap\">\n\t\t\t\t\t\t\t\t\t<section class=\"elementor-section elementor-top-section elementor-element elementor-element-45b201c elementor-section-boxed elementor-section-height-default elementor-section-height-default\" data-id=\"45b201c\" data-element_type=\"section\">\n\t\t\t\t\t\t<div class=\"elementor-container elementor-column-gap-default\">\n\t\t\t\t\t\t\t<div class=\"elementor-row\">\n\t\t\t\t\t<div class=\"elementor-column elementor-col-100 elementor-top-column elementor-element elementor-element-f26a794\" data-id=\"f26a794\" data-element_type=\"column\">\n\t\t\t<div class=\"elementor-column-wrap elementor-element-populated\">\n\t\t\t\t\t\t\t<div class=\"elementor-widget-wrap\">\n\t\t\t\t\t\t<section class=\"elementor-section elementor-inner-section elementor-element elementor-element-56883e2 elementor-section-boxed elementor-section-height-default elementor-section-height-default\" data-id=\"56883e2\" data-element_type=\"section\">\n\t\t\t\t\t\t<div class=\"elementor-container elementor-column-gap-default\">\n\t\t\t\t\t\t\t<div class=\"elementor-row\">\n\t\t\t\t\t<div class=\"elementor-column elementor-col-50 elementor-inner-column elementor-element elementor-element-643a558\" data-id=\"643a558\" data-element_type=\"column\">\n\t\t\t<div class=\"elementor-column-wrap elementor-element-populated\">\n\t\t\t\t\t\t\t<div class=\"elementor-widget-wrap\">\n\t\t\t\t\t\t<div class=\"elementor-element elementor-element-553bee2 elementor-widget elementor-widget-image\" data-id=\"553bee2\" data-element_type=\"widget\" data-widget_type=\"image.default\">\n\t\t\t\t<div class=\"elementor-widget-container\">\n\t\t\t\t\t\t\t\t<div class=\"elementor-image\">\n\t\t\t\t\t\t\t\t\t\t\t\t<img decoding=\"async\" width=\"800\" height=\"731\" src=\"https:\/\/mbernardesgems.com\/wp-content\/uploads\/2023\/02\/Foto-Rubelita4-Nossas-Gemas.jpg\" class=\"attachment-large size-large wp-image-1924\" alt=\"\" loading=\"lazy\" srcset=\"https:\/\/mbernardesgems.com\/wp-content\/uploads\/2023\/02\/Foto-Rubelita4-Nossas-Gemas.jpg 873w, https:\/\/mbernardesgems.com\/wp-content\/uploads\/2023\/02\/Foto-Rubelita4-Nossas-Gemas-300x274.jpg 300w, https:\/\/mbernardesgems.com\/wp-content\/uploads\/2023\/02\/Foto-Rubelita4-Nossas-Gemas-768x702.jpg 768w\" sizes=\"(max-width: 800px) 100vw, 800px\" \/>\t\t\t\t\t\t\t\t\t\t\t\t\t\t<\/div>\n\t\t\t\t\t\t<\/div>\n\t\t\t\t<\/div>\n\t\t\t\t\t\t<\/div>\n\t\t\t\t\t<\/div>\n\t\t<\/div>\n\t\t\t\t<div class=\"elementor-column elementor-col-50 elementor-inner-column elementor-element elementor-element-67a0f86\" data-id=\"67a0f86\" data-element_type=\"column\">\n\t\t\t<div class=\"elementor-column-wrap elementor-element-populated\">\n\t\t\t\t\t\t\t<div class=\"elementor-widget-wrap\">\n\t\t\t\t\t\t<div class=\"elementor-element elementor-element-80a568f elementor-widget elementor-widget-heading\" data-id=\"80a568f\" data-element_type=\"widget\" data-widget_type=\"heading.default\">\n\t\t\t\t<div class=\"elementor-widget-container\">\n\t\t\t<h4 class=\"elementor-heading-title elementor-size-default\">Rubelite<\/h4>\t\t<\/div>\n\t\t\t\t<\/div>\n\t\t\t\t<div class=\"elementor-element elementor-element-10cf63a elementor-widget elementor-widget-heading\" data-id=\"10cf63a\" data-element_type=\"widget\" data-widget_type=\"heading.default\">\n\t\t\t\t<div class=\"elementor-widget-container\">\n\t\t\t<h2 class=\"elementor-heading-title elementor-size-default\">Generic Information:<\/h2>\t\t<\/div>\n\t\t\t\t<\/div>\n\t\t\t\t<div class=\"elementor-element elementor-element-570947a elementor-widget elementor-widget-text-editor\" data-id=\"570947a\" data-element_type=\"widget\" data-widget_type=\"text-editor.default\">\n\t\t\t\t<div class=\"elementor-widget-container\">\n\t\t\t\t\t\t\t\t<div class=\"elementor-text-editor elementor-clearfix\">\n\t\t\t\t<p>Name Origin: Tourmaline that has its name originated from Latin for being reddish.<\/p>\n<p>Main Colors: Red coloration with medium-strong intensity, usually with a lilac, orange or brownish overshade.<\/p>\n\t\t\t\t\t<\/div>\n\t\t\t\t\t\t<\/div>\n\t\t\t\t<\/div>\n\t\t\t\t\t\t<\/div>\n\t\t\t\t\t<\/div>\n\t\t<\/div>\n\t\t\t\t\t\t\t\t<\/div>\n\t\t\t\t\t<\/div>\n\t\t<\/section>\n\t\t\t\t<div class=\"elementor-element elementor-element-107c7c2 elementor-widget elementor-widget-text-editor\" data-id=\"107c7c2\" data-element_type=\"widget\" data-widget_type=\"text-editor.default\">\n\t\t\t\t<div class=\"elementor-widget-container\">\n\t\t\t\t\t\t\t\t<div class=\"elementor-text-editor elementor-clearfix\">\n\t\t\t\t<p><span style=\"font-size: 1rem;\">Producing Countries: Rubelite deposits are found in pegmatites and alluvial deposits. The most important supplier is Brazil (Minas Gerais, Para\u00edba and Rio Grande do Norte). The main mine in Brazil is located in the municipality of S\u00e3o Jos\u00e9 da Safira, MG and is called Mina do Cruzeiro. There are deposits in Madagascar, Mozambique, Nigeria, Afghanistan among others.   <\/span><br><\/p>\n<p>Common Shapes: Oval, drop and antique are the most common. As rubellite is usually found in nature with many inclusions, it is avoided to cut it in rectangular or square format, as the cracks and needles become are more visible. For this same reason, it is cut many times in cabuchons. <\/p>\n<p>Usual Treatment: irradiation, usually by gamma rays, strengthening pale colors to red; it is also common to use colorless oils and resins to improve transparency.<\/p>\t\t\t\t\t<\/div>\n\t\t\t\t\t\t<\/div>\n\t\t\t\t<\/div>\n\t\t\t\t<div class=\"elementor-element elementor-element-2720046 elementor-widget elementor-widget-heading\" data-id=\"2720046\" data-element_type=\"widget\" data-widget_type=\"heading.default\">\n\t\t\t\t<div class=\"elementor-widget-container\">\n\t\t\t<h2 class=\"elementor-heading-title elementor-size-default\">Gemological Data:<\/h2>\t\t<\/div>\n\t\t\t\t<\/div>\n\t\t\t\t<div class=\"elementor-element elementor-element-3a0f288 pp-table-center elementor-widget elementor-widget-pp-table\" data-id=\"3a0f288\" data-element_type=\"widget\" data-settings=\"{&quot;table_type&quot;:&quot;responsive&quot;,&quot;scrollable&quot;:&quot;no&quot;}\" data-widget_type=\"pp-table.default\">\n\t\t\t\t<div class=\"elementor-widget-container\">\n\t\t\t\t\t<div class=\"pp-table-container\">\n\t\t\t<table \n\t\t\tclass=\"pp-table tablesaw\" data-tablesaw-mode=\"stack\"\t\t\t\t>\n\t\t\t\t\t\t\t<colgroup>\n\t\t\t\t\t\t\t\t<col\n\t\t\t\t\tspan=\"1\"\n\t\t\t\t\tclass=\"elementor-repeater-item-6bb7665\"\n\t\t\t\t\t\t\t\t\t\t\tstyle=\"\n\t\t\t\t\t\t\t\t\t\t\t\t\t\t\t\t\t\t\t\t\"\n\t\t\t\t\t\t\t\t\t\t>\n\t\t\t\t\t\t\t<\/colgroup>\n\t\t\t\t\t\t<thead>\n\t\t\t\t<tr class=\"pp-table-row\">\n\t\t\t\t\t<th class=\"pp-table-cell pp-table-cell-098a617\"><span class=\"pp-table-cell-content\"><span class=\"pp-table-cell-text\">SPECIES:<\/span><\/span><\/th><th class=\"pp-table-cell pp-table-cell-c8addb4\"><span class=\"pp-table-cell-content\"><span class=\"pp-table-cell-text\">MEDIUM TO STRONG INTENSITY RED SPECIES OF THE TOURMALINE GROUP<\/span><\/span><\/th>\t\t\t\t<\/tr>\n\t\t\t<\/thead>\n\t\t\t\t\t<tfoot>\n\t\t\t<\/tr>\t\t<\/tfoot>\n\t\t\t\t<tbody>\n\t\t\t<tr><td class=\"pp-table-cell pp-table-cell-2d592bf\"><span class=\"pp-table-cell-content\"><span class=\"pp-table-cell-text\">Hardness of Mohs: <\/span><\/span><\/td><td class=\"pp-table-cell pp-table-cell-7f23d39\"><span class=\"pp-table-cell-content\"><span class=\"pp-table-cell-text\">7\/7,5\n<\/span><\/span><\/td><\/tr><tr><td class=\"pp-table-cell pp-table-cell-7343d2a\"><span class=\"pp-table-cell-content\"><span class=\"pp-table-cell-text\">Specific Density: <\/span><\/span><\/td><td class=\"pp-table-cell pp-table-cell-193fcb5\"><span class=\"pp-table-cell-content\"><span class=\"pp-table-cell-text\">3,06 (+0,15 \/ -0,05)\n<\/span><\/span><\/td><\/tr><tr><td class=\"pp-table-cell pp-table-cell-07e0a2c\"><span class=\"pp-table-cell-content\"><span class=\"pp-table-cell-text\">Cleavage: <\/span><\/span><\/td><td class=\"pp-table-cell pp-table-cell-072cb44\"><span class=\"pp-table-cell-content\"><span class=\"pp-table-cell-text\">None.\n<\/span><\/span><\/td><\/tr><tr><td class=\"pp-table-cell pp-table-cell-56bc1c7\"><span class=\"pp-table-cell-content\"><span class=\"pp-table-cell-text\">Fracture: <\/span><\/span><\/td><td class=\"pp-table-cell pp-table-cell-c1eeddf\"><span class=\"pp-table-cell-content\"><span class=\"pp-table-cell-text\">Uneven, conical, brittle\n<\/span><\/span><\/td><\/tr><tr><td class=\"pp-table-cell pp-table-cell-1141adf\"><span class=\"pp-table-cell-content\"><span class=\"pp-table-cell-text\">Crystal System: <\/span><\/span><\/td><td class=\"pp-table-cell pp-table-cell-353d681\"><span class=\"pp-table-cell-content\"><span class=\"pp-table-cell-text\">Hexagonal (trigonal) usually elongated crystals with triangular sections and rounded faces, clear striations parallel to the main axis; often, several prisms grow together.\n<\/span><\/span><\/td><\/tr><tr><td class=\"pp-table-cell pp-table-cell-607bff2\"><span class=\"pp-table-cell-content\"><span class=\"pp-table-cell-text\">Chemical Composition: <\/span><\/span><\/td><td class=\"pp-table-cell pp-table-cell-0fcb6f5\"><span class=\"pp-table-cell-content\"><span class=\"pp-table-cell-text\">(NaLiCa)(Fe\u2081\u2081MgMnAl)\u2083Al\u2086[(OH)\u2084(BO\u2083)\u2083Si\u2086O\u2081\u2088)]Aluminum complex borosilicate of variable composition.\n<\/span><\/span><\/td><\/tr><tr><td class=\"pp-table-cell pp-table-cell-43ce8ad\"><span class=\"pp-table-cell-content\"><span class=\"pp-table-cell-text\">Transparency: <\/span><\/span><\/td><td class=\"pp-table-cell pp-table-cell-f574e14\"><span class=\"pp-table-cell-content\"><span class=\"pp-table-cell-text\">Transparent to opaque\n<\/span><\/span><\/td><\/tr><tr><td class=\"pp-table-cell pp-table-cell-6073f02\"><span class=\"pp-table-cell-content\"><span class=\"pp-table-cell-text\">Refractive Index: <\/span><\/span><\/td><td class=\"pp-table-cell pp-table-cell-75f0852\"><span class=\"pp-table-cell-content\"><span class=\"pp-table-cell-text\">1,624-1,644\n<\/span><\/span><\/td><\/tr><tr><td class=\"pp-table-cell pp-table-cell-0797241\"><span class=\"pp-table-cell-content\"><span class=\"pp-table-cell-text\">Birefringence: <\/span><\/span><\/td><td class=\"pp-table-cell pp-table-cell-1d8e42c\"><span class=\"pp-table-cell-content\"><span class=\"pp-table-cell-text\">0.020\n<\/span><\/span><\/td><\/tr><tr><td class=\"pp-table-cell pp-table-cell-95abc4a\"><span class=\"pp-table-cell-content\"><span class=\"pp-table-cell-text\">Dispersion: <\/span><\/span><\/td><td class=\"pp-table-cell pp-table-cell-26a462d\"><span class=\"pp-table-cell-content\"><span class=\"pp-table-cell-text\">0,017\n<\/span><\/span><\/td><\/tr><tr><td class=\"pp-table-cell pp-table-cell-3840e2e\"><span class=\"pp-table-cell-content\"><span class=\"pp-table-cell-text\">Pleochroism: <\/span><\/span><\/td><td class=\"pp-table-cell pp-table-cell-4e3e3e3\"><span class=\"pp-table-cell-content\"><span class=\"pp-table-cell-text\">Red, dark red, and light red.\n<\/span><\/span><\/td><\/tr><tr><td class=\"pp-table-cell pp-table-cell-c822872\"><span class=\"pp-table-cell-content\"><span class=\"pp-table-cell-text\">Luster: <\/span><\/span><\/td><td class=\"pp-table-cell pp-table-cell-1fc7198\"><span class=\"pp-table-cell-content\"><span class=\"pp-table-cell-text\">Vitreous<\/span><\/span><\/td><\/tr><tr><td class=\"pp-table-cell pp-table-cell-3a03c9c\"><span class=\"pp-table-cell-content\"><span class=\"pp-table-cell-text\">Fluorescence: <\/span><\/span><\/td><td class=\"pp-table-cell pp-table-cell-ae5c509\"><span class=\"pp-table-cell-content\"><span class=\"pp-table-cell-text\">Weak or none\n<\/span><\/span><\/td><\/tr>\t\t<\/tbody>\n\t\t\t\t\t<\/table>\n\t\t<\/div>\n\t\t\t\t<\/div>\n\t\t\t\t<\/div>\n\t\t\t\t\t\t<\/div>\n\t\t\t\t\t<\/div>\n\t\t<\/div>\n\t\t\t\t\t\t\t\t<\/div>\n\t\t\t\t\t<\/div>\n\t\t<\/section>\n\t\t\t\t\t\t\t\t\t<\/div>\n\t\t\t<\/div>\n\t\t\t\t\t<\/div>\n\t\t","protected":false},"excerpt":{"rendered":"<p>Rubelite Generic Information: Name Origin: Tourmaline that has its name originated from Latin for being reddish. Main Colors: Red coloration with medium-strong intensity, usually with a lilac, orange or brownish overshade. Producing Countries: Rubelite deposits are found in pegmatites and alluvial deposits. The most important supplier is Brazil (Minas Gerais, Para\u00edba and Rio Grande do [&hellip;]<\/p>\n","protected":false},"author":1,"featured_media":0,"parent":0,"menu_order":0,"comment_status":"closed","ping_status":"closed","template":"","meta":[],"_links":{"self":[{"href":"https:\/\/mbernardesgems.com\/en\/wp-json\/wp\/v2\/pages\/2322"}],"collection":[{"href":"https:\/\/mbernardesgems.com\/en\/wp-json\/wp\/v2\/pages"}],"about":[{"href":"https:\/\/mbernardesgems.com\/en\/wp-json\/wp\/v2\/types\/page"}],"author":[{"embeddable":true,"href":"https:\/\/mbernardesgems.com\/en\/wp-json\/wp\/v2\/users\/1"}],"replies":[{"embeddable":true,"href":"https:\/\/mbernardesgems.com\/en\/wp-json\/wp\/v2\/comments?post=2322"}],"version-history":[{"count":1,"href":"https:\/\/mbernardesgems.com\/en\/wp-json\/wp\/v2\/pages\/2322\/revisions"}],"predecessor-version":[{"id":2323,"href":"https:\/\/mbernardesgems.com\/en\/wp-json\/wp\/v2\/pages\/2322\/revisions\/2323"}],"wp:attachment":[{"href":"https:\/\/mbernardesgems.com\/en\/wp-json\/wp\/v2\/media?parent=2322"}],"curies":[{"name":"wp","href":"https:\/\/api.w.org\/{rel}","templated":true}]}}